{"id":2095,"date":"2025-05-28T10:31:04","date_gmt":"2025-05-28T08:31:04","guid":{"rendered":"https:\/\/hiemer-moebelmontagen.de\/?page_id=2095"},"modified":"2026-02-04T15:05:40","modified_gmt":"2026-02-04T14:05:40","slug":"ueber-uns","status":"publish","type":"page","link":"https:\/\/hiemer-moebelmontagen.de\/?page_id=2095","title":{"rendered":"\u00dcber uns"},"content":{"rendered":"<h1>\u00dcber uns \u2013 Ihr starker Partner f\u00fcr M\u00f6belmontagen &amp; Logistik<\/h1>\n<div>\n<p>Seit \u00fcber 25 Jahren unterst\u00fctzt <strong data-start=\"346\" data-end=\"370\">Hiemer M\u00f6belmontagen<\/strong> Unternehmen und H\u00e4ndler bei der Einrichtung von B\u00fcro- und Lagerr\u00e4umen sowie Hotels und Objekteinrichtungen. Mit unserer langj\u00e4hrigen Erfahrung, geschultem Fachpersonal und moderner Technik stehen wir f\u00fcr <strong data-start=\"575\" data-end=\"625\">Zuverl\u00e4ssigkeit, Sorgfalt und Professionalit\u00e4t<\/strong> \u2013 in jeder Phase Ihres Projekts.<\/p>\n<h3 data-start=\"660\" data-end=\"728\"><strong data-start=\"664\" data-end=\"728\">Unsere Mission: Sie verkaufen \u2013 wir k\u00fcmmern uns um den Rest.<\/strong><\/h3>\n<p data-start=\"730\" data-end=\"1010\">Sie beraten Ihre Kunden, verkaufen M\u00f6bel und planen Projekte? Dann \u00fcbernehmen wir den Rest \u2013 zuverl\u00e4ssig, flexibel und mit einem H\u00f6chstma\u00df an Serviceorientierung. Von der Warenannahme \u00fcber die Montage bis zur Reklamationsabwicklung: Bei uns ist Ihre Logistik in den besten H\u00e4nden.<\/p>\n<\/div>\n<div>\n<div>\n<h4 data-start=\"585\" data-end=\"618\"><strong data-start=\"585\" data-end=\"616\">Was uns auszeichnet:<\/strong><\/h4>\n<ul>\n<li data-start=\"1046\" data-end=\"1079\">\n<p data-start=\"1048\" data-end=\"1079\">\u00dcber 25 Jahre Branchenerfahrung<\/p>\n<\/li>\n<li data-start=\"1080\" data-end=\"1131\">\n<p data-start=\"1082\" data-end=\"1131\">Fachgerechte Arbeit durch qualifiziertes Personal<\/p>\n<\/li>\n<li data-start=\"1132\" data-end=\"1176\">\n<p data-start=\"1134\" data-end=\"1176\">Modernes Equipment f\u00fcr Transport &amp; Montage<\/p>\n<\/li>\n<li data-start=\"1177\" data-end=\"1222\">\n<p data-start=\"1179\" data-end=\"1222\">Pers\u00f6nliche Betreuung und flexible L\u00f6sungen<\/p>\n<\/li>\n<li data-start=\"1223\" data-end=\"1295\">\n<p data-start=\"1225\" data-end=\"1295\">Zuverl\u00e4ssigkeit in allen Abl\u00e4ufen \u2013 vom Lager bis zur letzten Schraube<\/p>\n<\/li>\n<\/ul>\n<\/div>\n<\/div>\n<h1>Interesse an einer Zusammenarbeit?<\/h1>\n<p><p>\n        <a href=\"\/?page_id=2099\">Jetzt Kontakt aufnehmen<\/a>\n    <\/p>\n<\/p>\n<h1>Unsere Leistungen im \u00dcberblick<\/h1>\n<div>Wir haben unser Angebot stetig weiterentwickelt \u2013 und bieten Ihnen heute weit mehr als klassische M\u00f6belmontage. Unser ganzheitlicher Service unterst\u00fctzt Sie dort, wo Sie Zeit und Ressourcen sparen m\u00f6chten:<\/div>\n<p><img decoding=\"async\" src=\"\/wp-content\/uploads\/2026\/02\/2025-12-22_HIEMER_Fotoreportage-57.jpg\" alt=\"\"><\/p>\n<div>\n<\/div>\n<p><!--more--><br \/>\n<!-- {\"type\":\"layout\",\"children\":[{\"type\":\"section\",\"props\":{\"image_position\":\"center-center\",\"padding\":\"small\",\"style\":\"muted\",\"title_breakpoint\":\"xl\",\"title_position\":\"top-left\",\"title_rotation\":\"left\",\"vertical_align\":\"middle\",\"width\":\"default\"},\"children\":[{\"type\":\"row\",\"children\":[{\"type\":\"column\",\"props\":{\"image_position\":\"center-center\",\"position_sticky_breakpoint\":\"m\"},\"children\":[{\"type\":\"headline\",\"props\":{\"content\":\"\\u00dcber uns \\u2013 Ihr starker Partner f\\u00fcr M\\u00f6belmontagen &amp; Logistik\",\"title_element\":\"h1\",\"title_style\":\"h2\"}}]}]}]},{\"type\":\"section\",\"props\":{\"image_position\":\"center-center\",\"style\":\"default\",\"title_breakpoint\":\"xl\",\"title_position\":\"top-left\",\"title_rotation\":\"left\",\"vertical_align\":\"middle\",\"width\":\"default\"},\"children\":[{\"type\":\"row\",\"props\":{\"column_gap\":\"large\",\"layout\":\"1-2,1-2\"},\"children\":[{\"type\":\"column\",\"props\":{\"image_position\":\"center-center\",\"position_sticky_breakpoint\":\"m\",\"width_medium\":\"1-2\"},\"children\":[{\"type\":\"text\",\"props\":{\"column_breakpoint\":\"m\",\"content\":\"\n\n<p>Seit \\u00fcber 25 Jahren unterst\\u00fctzt <strong data-start=\\\"346\\\" data-end=\\\"370\\\">Hiemer M\\u00f6belmontagen<\\\/strong> Unternehmen und H\\u00e4ndler bei der Einrichtung von B\\u00fcro- und Lagerr\\u00e4umen sowie Hotels und Objekteinrichtungen. Mit unserer langj\\u00e4hrigen Erfahrung, geschultem Fachpersonal und moderner Technik stehen wir f\\u00fcr <strong data-start=\\\"575\\\" data-end=\\\"625\\\">Zuverl\\u00e4ssigkeit, Sorgfalt und Professionalit\\u00e4t<\\\/strong> \\u2013 in jeder Phase Ihres Projekts.<\\\/p>\\n\n\n<h3 data-start=\\\"660\\\" data-end=\\\"728\\\"><strong data-start=\\\"664\\\" data-end=\\\"728\\\">Unsere Mission: Sie verkaufen \\u2013 wir k\\u00fcmmern uns um den Rest.<\\\/strong><\\\/h3>\\n\n\n<p data-start=\\\"730\\\" data-end=\\\"1010\\\">Sie beraten Ihre Kunden, verkaufen M\\u00f6bel und planen Projekte? Dann \\u00fcbernehmen wir den Rest \\u2013 zuverl\\u00e4ssig, flexibel und mit einem H\\u00f6chstma\\u00df an Serviceorientierung. Von der Warenannahme \\u00fcber die Montage bis zur Reklamationsabwicklung: Bei uns ist Ihre Logistik in den besten H\\u00e4nden.<\\\/p>\",\"css\":\"ul{\\n    padding-left:10px;\\n}\\n\\nli {\\n  position: relative;\\n  padding-left: 38px;\\n  margin-bottom: 5px;\\n    list-style: none;\\n    \\n}\\n\\np{\\n    margin-bottom:15px;\\n}\\n\\nli::before {\\n  content: '';\\n  background-image: url('https:\\\/\\\/hiemer-moebelmontagen.de\\\/wp-content\\\/uploads\\\/2025\\\/06\\\/check-circle.svg');\\n  background-size: 24px 24px;\\n  background-repeat: no-repeat;\\n  width: 24px;\\n  height: 24px;\\n  position: absolute;\\n  left: 0;\\n  top: 0px;\\n}\",\"margin\":\"default\"}}]},{\"type\":\"column\",\"props\":{\"image_position\":\"center-center\",\"position_sticky_breakpoint\":\"m\",\"width_medium\":\"1-2\"},\"children\":[{\"type\":\"panel\",\"props\":{\"content\":\"\n\n<h4 data-start=\\\"585\\\" data-end=\\\"618\\\"><strong data-start=\\\"585\\\" data-end=\\\"616\\\">Was uns auszeichnet:<\\\/strong><\\\/h4>\\n\n\n<ul>\\n\n\n<li data-start=\\\"1046\\\" data-end=\\\"1079\\\">\\n\n\n<p data-start=\\\"1048\\\" data-end=\\\"1079\\\">\\u00dcber 25 Jahre Branchenerfahrung<\\\/p>\\n<\\\/li>\\n\n\n<li data-start=\\\"1080\\\" data-end=\\\"1131\\\">\\n\n\n<p data-start=\\\"1082\\\" data-end=\\\"1131\\\">Fachgerechte Arbeit durch qualifiziertes Personal<\\\/p>\\n<\\\/li>\\n\n\n<li data-start=\\\"1132\\\" data-end=\\\"1176\\\">\\n\n\n<p data-start=\\\"1134\\\" data-end=\\\"1176\\\">Modernes Equipment f\\u00fcr Transport &amp; Montage<\\\/p>\\n<\\\/li>\\n\n\n<li data-start=\\\"1177\\\" data-end=\\\"1222\\\">\\n\n\n<p data-start=\\\"1179\\\" data-end=\\\"1222\\\">Pers\\u00f6nliche Betreuung und flexible L\\u00f6sungen<\\\/p>\\n<\\\/li>\\n\n\n<li data-start=\\\"1223\\\" data-end=\\\"1295\\\">\\n\n\n<p data-start=\\\"1225\\\" data-end=\\\"1295\\\">Zuverl\\u00e4ssigkeit in allen Abl\\u00e4ufen \\u2013 vom Lager bis zur letzten Schraube<\\\/p>\\n<\\\/li>\\n<\\\/ul>\",\"content_column_breakpoint\":\"m\",\"css\":\"ul{\\n    padding-left:10px;\\n}\\n\\nli {\\n  position: relative;\\n  padding-left: 38px;\\n  margin-bottom: 5px;\\n    list-style: none;\\n    \\n}\\n\\np{\\n    margin-bottom:15px;\\n}\\n\\nli::before {\\n  content: '';\\n  background-image: url('https:\\\/\\\/hiemer-moebelmontagen.de\\\/wp-content\\\/uploads\\\/2025\\\/06\\\/check-circle.svg');\\n  background-size: 24px 24px;\\n  background-repeat: no-repeat;\\n  width: 24px;\\n  height: 24px;\\n  position: absolute;\\n  left: 0;\\n  top: 0px;\\n}\",\"icon_width\":80,\"image_align\":\"top\",\"image_grid_breakpoint\":\"m\",\"image_grid_width\":\"1-2\",\"image_svg_color\":\"emphasis\",\"link_style\":\"default\",\"link_text\":\"Read more\",\"margin\":\"default\",\"meta_align\":\"below-title\",\"meta_element\":\"div\",\"meta_style\":\"text-meta\",\"panel_padding\":\"default\",\"panel_style\":\"tile-muted\",\"title_align\":\"top\",\"title_element\":\"h3\",\"title_grid_breakpoint\":\"m\",\"title_grid_width\":\"1-2\",\"title_hover_style\":\"reset\"}},{\"type\":\"headline\",\"props\":{\"content\":\"Interesse an einer Zusammenarbeit?\",\"title_element\":\"h1\",\"title_style\":\"h3\"},\"name\":\"cta-headline\"},{\"type\":\"button\",\"props\":{\"grid_column_gap\":\"small\",\"grid_row_gap\":\"small\",\"margin\":\"default\"},\"children\":[{\"type\":\"button_item\",\"props\":{\"button_style\":\"default\",\"content\":\"Jetzt Kontakt aufnehmen\",\"dialog_layout\":\"modal\",\"dialog_offcanvas_flip\":true,\"icon_align\":\"left\",\"link\":\"?page_id=2099\"}}],\"name\":\"cta-button\"}]}]}]},{\"type\":\"section\",\"props\":{\"image_position\":\"center-center\",\"style\":\"muted\",\"title_breakpoint\":\"xl\",\"title_position\":\"top-left\",\"title_rotation\":\"left\",\"vertical_align\":\"middle\",\"width\":\"default\"},\"children\":[{\"type\":\"row\",\"props\":{\"layout\":\"2-3,1-3\"},\"children\":[{\"type\":\"column\",\"props\":{\"image_position\":\"center-center\",\"position_sticky_breakpoint\":\"m\",\"width_medium\":\"2-3\"},\"children\":[{\"type\":\"headline\",\"props\":{\"content\":\"Unsere Leistungen im \\u00dcberblick\",\"title_element\":\"h1\"}},{\"type\":\"text\",\"props\":{\"column_breakpoint\":\"m\",\"content\":\"Wir haben unser Angebot stetig weiterentwickelt \\u2013 und bieten Ihnen heute weit mehr als klassische M\\u00f6belmontage. Unser ganzheitlicher Service unterst\\u00fctzt Sie dort, wo Sie Zeit und Ressourcen sparen m\\u00f6chten:\",\"margin\":\"default\"}}]},{\"type\":\"column\",\"props\":{\"image_position\":\"center-center\",\"position_sticky_breakpoint\":\"m\",\"width_medium\":\"1-3\"},\"children\":[{\"type\":\"image\",\"props\":{\"image\":\"wp-content\\\/uploads\\\/2026\\\/02\\\/2025-12-22_HIEMER_Fotoreportage-57.jpg\",\"image_svg_color\":\"emphasis\",\"margin\":\"default\"}}]}]},{\"type\":\"row\",\"children\":[{\"type\":\"column\",\"props\":{\"image_position\":\"center-center\",\"position_sticky_breakpoint\":\"m\"},\"children\":[{\"type\":\"panel-slider\",\"props\":{\"content_column_breakpoint\":\"m\",\"icon_width\":80,\"image_align\":\"top\",\"image_grid_breakpoint\":\"m\",\"image_grid_width\":\"1-2\",\"image_svg_color\":\"emphasis\",\"link_fullwidth\":true,\"link_style\":\"default\",\"link_text\":\"Mehr Erfahren\",\"margin\":\"default\",\"meta_align\":\"below-title\",\"meta_element\":\"div\",\"meta_style\":\"text-meta\",\"nav\":\"dotnav\",\"nav_align\":\"center\",\"nav_breakpoint\":\"s\",\"panel_card_offset\":true,\"panel_expand\":\"both\",\"panel_image_no_padding\":true,\"panel_match\":true,\"panel_padding\":\"default\",\"panel_style\":\"card-default\",\"show_content\":true,\"show_hover_image\":true,\"show_hover_video\":true,\"show_image\":true,\"show_link\":true,\"show_meta\":true,\"show_title\":true,\"show_video\":true,\"slidenav\":\"outside\",\"slidenav_breakpoint\":\"xl\",\"slidenav_margin\":\"large\",\"slidenav_outside_breakpoint\":\"xl\",\"slider_autoplay_pause\":true,\"slider_center\":true,\"slider_gap\":\"medium\",\"slider_sets\":true,\"slider_width\":\"fixed\",\"slider_width_default\":\"1-1\",\"slider_width_medium\":\"1-3\",\"title_align\":\"top\",\"title_element\":\"h3\",\"title_grid_breakpoint\":\"m\",\"title_grid_width\":\"1-2\",\"title_hover_style\":\"reset\"},\"children\":[{\"type\":\"panel-slider_item\",\"source\":{\"query\":{\"name\":\"customMenuItems\",\"arguments\":{\"id\":3,\"parent\":\"2104\",\"heading\":\"\",\"include_heading\":true}},\"props\":{\"title\":{\"name\":\"title\"},\"image\":{\"name\":\"image\"},\"link\":{\"name\":\"url\"},\"content\":{\"name\":\"subtitle\"}}}}],\"name\":\"leistungen\"}]}]}]}],\"version\":\"4.5.23\"} --><\/p>\n","protected":false},"excerpt":{"rendered":"<p>\u00dcber uns \u2013 Ihr starker Partner f\u00fcr M\u00f6belmontagen &amp; Logistik Seit \u00fcber 25 Jahren unterst\u00fctzt Hiemer M\u00f6belmontagen Unternehmen und H\u00e4ndler bei der Einrichtung von B\u00fcro- und Lagerr\u00e4umen sowie Hotels und Objekteinrichtungen. Mit unserer langj\u00e4hrigen Erfahrung, geschultem Fachpersonal und moderner Technik stehen wir f\u00fcr Zuverl\u00e4ssigkeit, Sorgfalt und Professionalit\u00e4t \u2013 in jeder Phase Ihres Projekts. Unsere Mission: [&hellip;]<\/p>\n","protected":false},"author":1,"featured_media":0,"parent":0,"menu_order":0,"comment_status":"closed","ping_status":"closed","template":"","meta":{"footnotes":""},"class_list":["post-2095","page","type-page","status-publish","hentry"],"_links":{"self":[{"href":"https:\/\/hiemer-moebelmontagen.de\/index.php?rest_route=\/wp\/v2\/pages\/2095","targetHints":{"allow":["GET"]}}],"collection":[{"href":"https:\/\/hiemer-moebelmontagen.de\/index.php?rest_route=\/wp\/v2\/pages"}],"about":[{"href":"https:\/\/hiemer-moebelmontagen.de\/index.php?rest_route=\/wp\/v2\/types\/page"}],"author":[{"embeddable":true,"href":"https:\/\/hiemer-moebelmontagen.de\/index.php?rest_route=\/wp\/v2\/users\/1"}],"replies":[{"embeddable":true,"href":"https:\/\/hiemer-moebelmontagen.de\/index.php?rest_route=%2Fwp%2Fv2%2Fcomments&post=2095"}],"version-history":[{"count":8,"href":"https:\/\/hiemer-moebelmontagen.de\/index.php?rest_route=\/wp\/v2\/pages\/2095\/revisions"}],"predecessor-version":[{"id":2394,"href":"https:\/\/hiemer-moebelmontagen.de\/index.php?rest_route=\/wp\/v2\/pages\/2095\/revisions\/2394"}],"wp:attachment":[{"href":"https:\/\/hiemer-moebelmontagen.de\/index.php?rest_route=%2Fwp%2Fv2%2Fmedia&parent=2095"}],"curies":[{"name":"wp","href":"https:\/\/api.w.org\/{rel}","templated":true}]}}