{"id":2240,"date":"2025-06-02T11:24:44","date_gmt":"2025-06-02T09:24:44","guid":{"rendered":"https:\/\/hiemer-moebelmontagen.de\/?page_id=2240"},"modified":"2026-02-04T15:00:09","modified_gmt":"2026-02-04T14:00:09","slug":"neumoebeltransport","status":"publish","type":"page","link":"https:\/\/hiemer-moebelmontagen.de\/?page_id=2240","title":{"rendered":"Neum\u00f6beltransport"},"content":{"rendered":"<h1>Neum\u00f6beltransport \u2013 Direkt und zuverl\u00e4ssig zu Ihrem Endkunden<\/h1>\n<div>\n<p>Von der Anlieferung bis zur Montage \u00fcbernehmen wir den gesamten Prozess f\u00fcr Sie \u2013 direkt beim Endkunden.<\/p>\n<p>Damit Sie sich nicht mit logistischen Details aufhalten m\u00fcssen, k\u00fcmmern wir uns um alles rund um den Neum\u00f6beltransport \u2013 zuverl\u00e4ssig, effizient und kundenfreundlich. So bleibt Ihnen mehr Zeit f\u00fcr das, was wirklich z\u00e4hlt: Beratung, Verkauf und der Ausbau Ihrer Kundenbeziehungen<\/p>\n<h4 data-start=\"585\" data-end=\"618\"><strong data-start=\"585\" data-end=\"616\">Unser Service im \u00dcberblick:<\/strong><\/h4>\n<ul data-start=\"619\" data-end=\"969\">\n<li data-start=\"619\" data-end=\"673\">\n<p data-start=\"621\" data-end=\"673\">Annahme &amp; Pr\u00fcfung der Ware in unserem Zentrallager<\/p>\n<\/li>\n<li data-start=\"674\" data-end=\"714\">\n<p data-start=\"676\" data-end=\"714\">Kommissionierung nach Verwendungsort<\/p>\n<\/li>\n<li data-start=\"715\" data-end=\"752\">\n<p data-start=\"717\" data-end=\"752\">Terminabsprache mit dem Endkunden<\/p>\n<\/li>\n<li data-start=\"753\" data-end=\"786\">\n<p data-start=\"755\" data-end=\"786\">Lieferung &amp; Montage nach Plan<\/p>\n<\/li>\n<li data-start=\"787\" data-end=\"825\">\n<p data-start=\"789\" data-end=\"825\">Erstellung eines Abnahmeprotokolls<\/p>\n<\/li>\n<li data-start=\"826\" data-end=\"861\">\n<p data-start=\"828\" data-end=\"861\">Verpackungsentsorgung inklusive<\/p>\n<\/li>\n<li data-start=\"862\" data-end=\"908\">\n<p data-start=\"864\" data-end=\"908\">Flexible Nachbesserung bei kleinen M\u00e4ngeln<\/p>\n<\/li>\n<li data-start=\"909\" data-end=\"969\">\n<p data-start=\"911\" data-end=\"969\">Direkte Kommunikation mit dem Hersteller bei Reklamationen<\/p>\n<\/li>\n<\/ul>\n<\/div>\n<p><img decoding=\"async\" src=\"\/wp-content\/uploads\/2026\/02\/2025-12-22_HIEMER_Fotoreportage-56.jpg\" alt=\"\"><\/p>\n<h1>Interesse an einer Zusammenarbeit?<\/h1>\n<p><p>\n        <a href=\"\/?page_id=2099\">Jetzt Kontakt aufnehmen<\/a>\n    <\/p>\n<\/p>\n<p><!--more--><br \/>\n<!-- {\"type\":\"layout\",\"children\":[{\"type\":\"section\",\"props\":{\"image_position\":\"center-center\",\"padding\":\"small\",\"style\":\"muted\",\"title_breakpoint\":\"xl\",\"title_position\":\"top-left\",\"title_rotation\":\"left\",\"vertical_align\":\"middle\",\"width\":\"default\"},\"children\":[{\"type\":\"row\",\"children\":[{\"type\":\"column\",\"props\":{\"image_position\":\"center-center\",\"position_sticky_breakpoint\":\"m\"},\"children\":[{\"type\":\"headline\",\"props\":{\"content\":\"Neum\\u00f6beltransport \\u2013 Direkt und zuverl\\u00e4ssig zu Ihrem Endkunden\",\"title_element\":\"h1\",\"title_style\":\"h2\"}}]}]}]},{\"type\":\"section\",\"props\":{\"image_position\":\"center-center\",\"style\":\"default\",\"title_breakpoint\":\"xl\",\"title_position\":\"top-left\",\"title_rotation\":\"left\",\"vertical_align\":\"middle\",\"width\":\"default\"},\"children\":[{\"type\":\"row\",\"props\":{\"layout\":\"1-2,1-2\"},\"children\":[{\"type\":\"column\",\"props\":{\"image_position\":\"center-center\",\"position_sticky_breakpoint\":\"m\",\"width_medium\":\"1-2\"},\"children\":[{\"type\":\"text\",\"props\":{\"column_breakpoint\":\"m\",\"content\":\"\n\n<p>Von der Anlieferung bis zur Montage \\u00fcbernehmen wir den gesamten Prozess f\\u00fcr Sie \\u2013 direkt beim Endkunden.<\\\/p>\\n\n\n<p>Damit Sie sich nicht mit logistischen Details aufhalten m\\u00fcssen, k\\u00fcmmern wir uns um alles rund um den Neum\\u00f6beltransport \\u2013 zuverl\\u00e4ssig, effizient und kundenfreundlich. So bleibt Ihnen mehr Zeit f\\u00fcr das, was wirklich z\\u00e4hlt: Beratung, Verkauf und der Ausbau Ihrer Kundenbeziehungen<\\\/p>\\n\n\n<h4 data-start=\\\"585\\\" data-end=\\\"618\\\"><strong data-start=\\\"585\\\" data-end=\\\"616\\\">Unser Service im \\u00dcberblick:<\\\/strong><\\\/h4>\\n\n\n<ul data-start=\\\"619\\\" data-end=\\\"969\\\">\\n\n\n<li data-start=\\\"619\\\" data-end=\\\"673\\\">\\n\n\n<p data-start=\\\"621\\\" data-end=\\\"673\\\">Annahme &amp; Pr\\u00fcfung der Ware in unserem Zentrallager<\\\/p>\\n<\\\/li>\\n\n\n<li data-start=\\\"674\\\" data-end=\\\"714\\\">\\n\n\n<p data-start=\\\"676\\\" data-end=\\\"714\\\">Kommissionierung nach Verwendungsort<\\\/p>\\n<\\\/li>\\n\n\n<li data-start=\\\"715\\\" data-end=\\\"752\\\">\\n\n\n<p data-start=\\\"717\\\" data-end=\\\"752\\\">Terminabsprache mit dem Endkunden<\\\/p>\\n<\\\/li>\\n\n\n<li data-start=\\\"753\\\" data-end=\\\"786\\\">\\n\n\n<p data-start=\\\"755\\\" data-end=\\\"786\\\">Lieferung &amp; Montage nach Plan<\\\/p>\\n<\\\/li>\\n\n\n<li data-start=\\\"787\\\" data-end=\\\"825\\\">\\n\n\n<p data-start=\\\"789\\\" data-end=\\\"825\\\">Erstellung eines Abnahmeprotokolls<\\\/p>\\n<\\\/li>\\n\n\n<li data-start=\\\"826\\\" data-end=\\\"861\\\">\\n\n\n<p data-start=\\\"828\\\" data-end=\\\"861\\\">Verpackungsentsorgung inklusive<\\\/p>\\n<\\\/li>\\n\n\n<li data-start=\\\"862\\\" data-end=\\\"908\\\">\\n\n\n<p data-start=\\\"864\\\" data-end=\\\"908\\\">Flexible Nachbesserung bei kleinen M\\u00e4ngeln<\\\/p>\\n<\\\/li>\\n\n\n<li data-start=\\\"909\\\" data-end=\\\"969\\\">\\n\n\n<p data-start=\\\"911\\\" data-end=\\\"969\\\">Direkte Kommunikation mit dem Hersteller bei Reklamationen<\\\/p>\\n<\\\/li>\\n<\\\/ul>\",\"css\":\"ul{\\n    padding-left:10px;\\n}\\n\\nli {\\n  position: relative;\\n  padding-left: 38px;\\n  margin-bottom: 5px;\\n    list-style: none;\\n    \\n}\\n\\np{\\n    margin-bottom:15px;\\n}\\n\\nli::before {\\n  content: '';\\n  background-image: url('https:\\\/\\\/hiemer-moebelmontagen.de\\\/wp-content\\\/uploads\\\/2025\\\/06\\\/check-circle.svg');\\n  background-size: 24px 24px;\\n  background-repeat: no-repeat;\\n  width: 24px;\\n  height: 24px;\\n  position: absolute;\\n  left: 0;\\n  top: 0px;\\n}\",\"margin\":\"default\"}}]},{\"type\":\"column\",\"props\":{\"image_position\":\"center-center\",\"position_sticky_breakpoint\":\"m\",\"width_medium\":\"1-2\"},\"children\":[{\"type\":\"image\",\"props\":{\"image\":\"wp-content\\\/uploads\\\/2026\\\/02\\\/2025-12-22_HIEMER_Fotoreportage-56.jpg\",\"image_height\":600,\"image_svg_color\":\"emphasis\",\"image_width\":850,\"margin\":\"default\"}},{\"type\":\"headline\",\"props\":{\"content\":\"Interesse an einer Zusammenarbeit?\",\"title_element\":\"h1\",\"title_style\":\"h3\"}},{\"type\":\"button\",\"props\":{\"grid_column_gap\":\"small\",\"grid_row_gap\":\"small\",\"margin\":\"default\"},\"children\":[{\"type\":\"button_item\",\"props\":{\"button_style\":\"default\",\"content\":\"Jetzt Kontakt aufnehmen\",\"dialog_layout\":\"modal\",\"dialog_offcanvas_flip\":true,\"icon_align\":\"left\",\"link\":\"?page_id=2099\"}}]}]}]}]}],\"version\":\"4.5.23\"} --><\/p>\n","protected":false},"excerpt":{"rendered":"<p>Neum\u00f6beltransport \u2013 Direkt und zuverl\u00e4ssig zu Ihrem Endkunden Von der Anlieferung bis zur Montage \u00fcbernehmen wir den gesamten Prozess f\u00fcr Sie \u2013 direkt beim Endkunden. Damit Sie sich nicht mit logistischen Details aufhalten m\u00fcssen, k\u00fcmmern wir uns um alles rund um den Neum\u00f6beltransport \u2013 zuverl\u00e4ssig, effizient und kundenfreundlich. So bleibt Ihnen mehr Zeit f\u00fcr das, [&hellip;]<\/p>\n","protected":false},"author":1,"featured_media":0,"parent":2093,"menu_order":0,"comment_status":"closed","ping_status":"closed","template":"","meta":{"footnotes":""},"class_list":["post-2240","page","type-page","status-publish","hentry"],"_links":{"self":[{"href":"https:\/\/hiemer-moebelmontagen.de\/index.php?rest_route=\/wp\/v2\/pages\/2240","targetHints":{"allow":["GET"]}}],"collection":[{"href":"https:\/\/hiemer-moebelmontagen.de\/index.php?rest_route=\/wp\/v2\/pages"}],"about":[{"href":"https:\/\/hiemer-moebelmontagen.de\/index.php?rest_route=\/wp\/v2\/types\/page"}],"author":[{"embeddable":true,"href":"https:\/\/hiemer-moebelmontagen.de\/index.php?rest_route=\/wp\/v2\/users\/1"}],"replies":[{"embeddable":true,"href":"https:\/\/hiemer-moebelmontagen.de\/index.php?rest_route=%2Fwp%2Fv2%2Fcomments&post=2240"}],"version-history":[{"count":12,"href":"https:\/\/hiemer-moebelmontagen.de\/index.php?rest_route=\/wp\/v2\/pages\/2240\/revisions"}],"predecessor-version":[{"id":2385,"href":"https:\/\/hiemer-moebelmontagen.de\/index.php?rest_route=\/wp\/v2\/pages\/2240\/revisions\/2385"}],"up":[{"embeddable":true,"href":"https:\/\/hiemer-moebelmontagen.de\/index.php?rest_route=\/wp\/v2\/pages\/2093"}],"wp:attachment":[{"href":"https:\/\/hiemer-moebelmontagen.de\/index.php?rest_route=%2Fwp%2Fv2%2Fmedia&parent=2240"}],"curies":[{"name":"wp","href":"https:\/\/api.w.org\/{rel}","templated":true}]}}