{"id":2244,"date":"2025-06-02T11:30:26","date_gmt":"2025-06-02T09:30:26","guid":{"rendered":"https:\/\/hiemer-moebelmontagen.de\/?page_id=2244"},"modified":"2026-02-04T15:01:32","modified_gmt":"2026-02-04T14:01:32","slug":"logistik-kommissionierung","status":"publish","type":"page","link":"https:\/\/hiemer-moebelmontagen.de\/?page_id=2244","title":{"rendered":"Logistik &amp; Kommissionierung"},"content":{"rendered":"<h1>Logistik &amp; Kommissionierung \u2013 effizient, durchdacht, termingerecht<\/h1>\n<div>\n<p>Ob Einzelst\u00fccke oder gr\u00f6\u00dfere Kommissionen: Wir \u00fcbernehmen die logistische Abwicklung f\u00fcr Ihre Waren \u2013 zuverl\u00e4ssig und strukturiert. Vom Warenausgang \u00fcber die Kommissionierung bis zur termingerechten Auslieferung l\u00e4uft bei uns alles Hand in Hand.<\/p>\n<h4 data-start=\"585\" data-end=\"618\"><strong data-start=\"585\" data-end=\"616\">Unser Service im \u00dcberblick:<\/strong><\/h4>\n<ul>\n<li data-start=\"545\" data-end=\"587\">\n<p data-start=\"547\" data-end=\"587\">Kommissionierung nach Auftragsvorgaben<\/p>\n<\/li>\n<li data-start=\"588\" data-end=\"625\">\n<p data-start=\"590\" data-end=\"625\">Verpacken und Versandvorbereitung<\/p>\n<\/li>\n<li data-start=\"626\" data-end=\"667\">\n<p data-start=\"628\" data-end=\"667\">Terminplanung und Zustellkoordination<\/p>\n<\/li>\n<li data-start=\"668\" data-end=\"728\">\n<p data-start=\"670\" data-end=\"728\">Auslieferung direkt an Endkunden oder Verwendungsstellen<\/p>\n<\/li>\n<li data-start=\"729\" data-end=\"781\">\n<p data-start=\"731\" data-end=\"781\">Schnittstellen mit Montage- oder Lagermanagement<\/p>\n<\/li>\n<li data-start=\"782\" data-end=\"842\">\n<p data-start=\"784\" data-end=\"842\">Dokumentation aller Prozesse f\u00fcr volle Nachvollziehbarkeit<\/p>\n<\/li>\n<\/ul>\n<p>Mit unserer Logistik sorgen wir f\u00fcr reibungslose Abl\u00e4ufe und zufriedene Kunden \u2013 ganz ohne zus\u00e4tzlichen Aufwand auf Ihrer Seite.<\/p>\n<\/div>\n<p><img decoding=\"async\" src=\"\/wp-content\/uploads\/2026\/02\/2025-12-22_HIEMER_Fotoreportage-35.jpg\" alt=\"\"><\/p>\n<h1>Logistik, die f\u00fcr Sie mitdenkt<\/h1>\n<p><p>\n        <a href=\"\/?page_id=2099\">Jetzt Kontakt aufnehmen<\/a>\n    <\/p>\n<\/p>\n<p><!--more--><br \/>\n<!-- {\"type\":\"layout\",\"children\":[{\"type\":\"section\",\"props\":{\"image_position\":\"center-center\",\"padding\":\"small\",\"style\":\"muted\",\"title_breakpoint\":\"xl\",\"title_position\":\"top-left\",\"title_rotation\":\"left\",\"vertical_align\":\"middle\",\"width\":\"default\"},\"children\":[{\"type\":\"row\",\"children\":[{\"type\":\"column\",\"props\":{\"image_position\":\"center-center\",\"position_sticky_breakpoint\":\"m\"},\"children\":[{\"type\":\"headline\",\"props\":{\"content\":\"Logistik &amp; Kommissionierung \\u2013 effizient, durchdacht, termingerecht\",\"title_element\":\"h1\",\"title_style\":\"h2\"}}]}]}]},{\"type\":\"section\",\"props\":{\"image_position\":\"center-center\",\"style\":\"default\",\"title_breakpoint\":\"xl\",\"title_position\":\"top-left\",\"title_rotation\":\"left\",\"vertical_align\":\"middle\",\"width\":\"default\"},\"children\":[{\"type\":\"row\",\"props\":{\"layout\":\"1-2,1-2\"},\"children\":[{\"type\":\"column\",\"props\":{\"image_position\":\"center-center\",\"position_sticky_breakpoint\":\"m\",\"width_medium\":\"1-2\"},\"children\":[{\"type\":\"text\",\"props\":{\"column_breakpoint\":\"m\",\"content\":\"\n\n<p>Ob Einzelst\\u00fccke oder gr\\u00f6\\u00dfere Kommissionen: Wir \\u00fcbernehmen die logistische Abwicklung f\\u00fcr Ihre Waren \\u2013 zuverl\\u00e4ssig und strukturiert. Vom Warenausgang \\u00fcber die Kommissionierung bis zur termingerechten Auslieferung l\\u00e4uft bei uns alles Hand in Hand.<\\\/p>\\n\n\n<h4 data-start=\\\"585\\\" data-end=\\\"618\\\"><strong data-start=\\\"585\\\" data-end=\\\"616\\\">Unser Service im \\u00dcberblick:<\\\/strong><\\\/h4>\\n\n\n<ul>\\n\n\n<li data-start=\\\"545\\\" data-end=\\\"587\\\">\\n\n\n<p data-start=\\\"547\\\" data-end=\\\"587\\\">Kommissionierung nach Auftragsvorgaben<\\\/p>\\n<\\\/li>\\n\n\n<li data-start=\\\"588\\\" data-end=\\\"625\\\">\\n\n\n<p data-start=\\\"590\\\" data-end=\\\"625\\\">Verpacken und Versandvorbereitung<\\\/p>\\n<\\\/li>\\n\n\n<li data-start=\\\"626\\\" data-end=\\\"667\\\">\\n\n\n<p data-start=\\\"628\\\" data-end=\\\"667\\\">Terminplanung und Zustellkoordination<\\\/p>\\n<\\\/li>\\n\n\n<li data-start=\\\"668\\\" data-end=\\\"728\\\">\\n\n\n<p data-start=\\\"670\\\" data-end=\\\"728\\\">Auslieferung direkt an Endkunden oder Verwendungsstellen<\\\/p>\\n<\\\/li>\\n\n\n<li data-start=\\\"729\\\" data-end=\\\"781\\\">\\n\n\n<p data-start=\\\"731\\\" data-end=\\\"781\\\">Schnittstellen mit Montage- oder Lagermanagement<\\\/p>\\n<\\\/li>\\n\n\n<li data-start=\\\"782\\\" data-end=\\\"842\\\">\\n\n\n<p data-start=\\\"784\\\" data-end=\\\"842\\\">Dokumentation aller Prozesse f\\u00fcr volle Nachvollziehbarkeit<\\\/p>\\n<\\\/li>\\n<\\\/ul>\\n\n\n<p>Mit unserer Logistik sorgen wir f\\u00fcr reibungslose Abl\\u00e4ufe und zufriedene Kunden \\u2013 ganz ohne zus\\u00e4tzlichen Aufwand auf Ihrer Seite.<\\\/p>\",\"css\":\"ul{\\n    padding-left:10px;\\n}\\n\\nli {\\n  position: relative;\\n  padding-left: 38px;\\n  margin-bottom: 5px;\\n    list-style: none;\\n    \\n}\\n\\np{\\n    margin-bottom:15px;\\n}\\n\\nli::before {\\n  content: '';\\n  background-image: url('https:\\\/\\\/hiemer-moebelmontagen.de\\\/wp-content\\\/uploads\\\/2025\\\/06\\\/check-circle.svg');\\n  background-size: 24px 24px;\\n  background-repeat: no-repeat;\\n  width: 24px;\\n  height: 24px;\\n  position: absolute;\\n  left: 0;\\n  top: 0px;\\n}\",\"margin\":\"default\"}}]},{\"type\":\"column\",\"props\":{\"image_position\":\"center-center\",\"position_sticky_breakpoint\":\"m\",\"width_medium\":\"1-2\"},\"children\":[{\"type\":\"image\",\"props\":{\"image\":\"wp-content\\\/uploads\\\/2026\\\/02\\\/2025-12-22_HIEMER_Fotoreportage-35.jpg\",\"image_height\":600,\"image_svg_color\":\"emphasis\",\"image_width\":850,\"margin\":\"default\"}},{\"type\":\"headline\",\"props\":{\"content\":\"Logistik, die f\\u00fcr Sie mitdenkt\",\"title_element\":\"h1\",\"title_style\":\"h3\"}},{\"type\":\"button\",\"props\":{\"grid_column_gap\":\"small\",\"grid_row_gap\":\"small\",\"margin\":\"default\"},\"children\":[{\"type\":\"button_item\",\"props\":{\"button_style\":\"default\",\"content\":\"Jetzt Kontakt aufnehmen\",\"dialog_layout\":\"modal\",\"dialog_offcanvas_flip\":true,\"icon_align\":\"left\",\"link\":\"?page_id=2099\"}}]}]}]}]}],\"version\":\"4.5.23\"} --><\/p>\n","protected":false},"excerpt":{"rendered":"<p>Logistik &amp; Kommissionierung \u2013 effizient, durchdacht, termingerecht Ob Einzelst\u00fccke oder gr\u00f6\u00dfere Kommissionen: Wir \u00fcbernehmen die logistische Abwicklung f\u00fcr Ihre Waren \u2013 zuverl\u00e4ssig und strukturiert. Vom Warenausgang \u00fcber die Kommissionierung bis zur termingerechten Auslieferung l\u00e4uft bei uns alles Hand in Hand. Unser Service im \u00dcberblick: Kommissionierung nach Auftragsvorgaben Verpacken und Versandvorbereitung Terminplanung und Zustellkoordination Auslieferung direkt [&hellip;]<\/p>\n","protected":false},"author":1,"featured_media":0,"parent":2093,"menu_order":0,"comment_status":"closed","ping_status":"closed","template":"","meta":{"footnotes":""},"class_list":["post-2244","page","type-page","status-publish","hentry"],"_links":{"self":[{"href":"https:\/\/hiemer-moebelmontagen.de\/index.php?rest_route=\/wp\/v2\/pages\/2244","targetHints":{"allow":["GET"]}}],"collection":[{"href":"https:\/\/hiemer-moebelmontagen.de\/index.php?rest_route=\/wp\/v2\/pages"}],"about":[{"href":"https:\/\/hiemer-moebelmontagen.de\/index.php?rest_route=\/wp\/v2\/types\/page"}],"author":[{"embeddable":true,"href":"https:\/\/hiemer-moebelmontagen.de\/index.php?rest_route=\/wp\/v2\/users\/1"}],"replies":[{"embeddable":true,"href":"https:\/\/hiemer-moebelmontagen.de\/index.php?rest_route=%2Fwp%2Fv2%2Fcomments&post=2244"}],"version-history":[{"count":6,"href":"https:\/\/hiemer-moebelmontagen.de\/index.php?rest_route=\/wp\/v2\/pages\/2244\/revisions"}],"predecessor-version":[{"id":2388,"href":"https:\/\/hiemer-moebelmontagen.de\/index.php?rest_route=\/wp\/v2\/pages\/2244\/revisions\/2388"}],"up":[{"embeddable":true,"href":"https:\/\/hiemer-moebelmontagen.de\/index.php?rest_route=\/wp\/v2\/pages\/2093"}],"wp:attachment":[{"href":"https:\/\/hiemer-moebelmontagen.de\/index.php?rest_route=%2Fwp%2Fv2%2Fmedia&parent=2244"}],"curies":[{"name":"wp","href":"https:\/\/api.w.org\/{rel}","templated":true}]}}