{"id":2246,"date":"2025-06-02T11:31:08","date_gmt":"2025-06-02T09:31:08","guid":{"rendered":"https:\/\/hiemer-moebelmontagen.de\/?page_id=2246"},"modified":"2025-06-05T14:21:55","modified_gmt":"2025-06-05T12:21:55","slug":"avisierung-tourenplanung","status":"publish","type":"page","link":"https:\/\/hiemer-moebelmontagen.de\/?page_id=2246","title":{"rendered":"Avisierung &amp; Tourenplanung"},"content":{"rendered":"<h1>Avisierung &amp; Tourenplanung \u2013 koordiniert, kundenorientiert, terminsicher<\/h1>\n<div>\n<p>Wir \u00fcbernehmen f\u00fcr Sie die Abstimmung mit dem Endkunden sowie die optimale Routen- und Terminplanung. So vermeiden Sie Leerfahrten, erh\u00f6hen die Kundenzufriedenheit und gewinnen Zeit f\u00fcr Ihr Kerngesch\u00e4ft.<\/p>\n<h4 data-start=\"585\" data-end=\"618\"><strong data-start=\"585\" data-end=\"616\">Unser Service im \u00dcberblick:<\/strong><\/h4>\n<ul>\n<li data-start=\"479\" data-end=\"529\">\n<p data-start=\"481\" data-end=\"529\">Pers\u00f6nliche Terminabstimmung mit dem Endkunden<\/p>\n<\/li>\n<li data-start=\"530\" data-end=\"614\">\n<p data-start=\"532\" data-end=\"614\">Effiziente Tourenplanung unter Ber\u00fccksichtigung von Zeitfenstern und Priorit\u00e4ten<\/p>\n<\/li>\n<li data-start=\"615\" data-end=\"666\">\n<p data-start=\"617\" data-end=\"666\">B\u00fcndelung von Lieferungen zur Routenoptimierung<\/p>\n<\/li>\n<li data-start=\"667\" data-end=\"714\">\n<p data-start=\"669\" data-end=\"714\">Laufende Kommunikation bei Termin\u00e4nderungen<\/p>\n<\/li>\n<li data-start=\"715\" data-end=\"754\">\n<p data-start=\"717\" data-end=\"754\">Schnittstelle zu Lager und Logistik<\/p>\n<\/li>\n<li data-start=\"755\" data-end=\"800\">\n<p data-start=\"757\" data-end=\"800\">L\u00fcckenlose Dokumentation und Nachverfolgung<\/p>\n<\/li>\n<\/ul>\n<\/div>\n<p><img decoding=\"async\" src=\"\/wp-content\/uploads\/2025\/06\/planung.jpg\" alt=\"\"><\/p>\n<h1>Planung, auf die Verlass ist<\/h1>\n<p><p>\n        <a href=\"\/?page_id=2099\">Jetzt Kontakt aufnehmen<\/a>\n    <\/p>\n<\/p>\n<p><!--more--><br \/>\n<!-- {\"type\":\"layout\",\"children\":[{\"type\":\"section\",\"props\":{\"image_position\":\"center-center\",\"padding\":\"small\",\"style\":\"muted\",\"title_breakpoint\":\"xl\",\"title_position\":\"top-left\",\"title_rotation\":\"left\",\"vertical_align\":\"middle\",\"width\":\"default\"},\"children\":[{\"type\":\"row\",\"children\":[{\"type\":\"column\",\"props\":{\"image_position\":\"center-center\",\"position_sticky_breakpoint\":\"m\"},\"children\":[{\"type\":\"headline\",\"props\":{\"content\":\"Avisierung &amp; Tourenplanung \\u2013 koordiniert, kundenorientiert, terminsicher\",\"title_element\":\"h1\",\"title_style\":\"h2\"}}]}]}]},{\"type\":\"section\",\"props\":{\"image_position\":\"center-center\",\"style\":\"default\",\"title_breakpoint\":\"xl\",\"title_position\":\"top-left\",\"title_rotation\":\"left\",\"vertical_align\":\"middle\",\"width\":\"default\"},\"children\":[{\"type\":\"row\",\"props\":{\"layout\":\"1-2,1-2\"},\"children\":[{\"type\":\"column\",\"props\":{\"image_position\":\"center-center\",\"position_sticky_breakpoint\":\"m\",\"width_medium\":\"1-2\"},\"children\":[{\"type\":\"text\",\"props\":{\"column_breakpoint\":\"m\",\"content\":\"\n\n<p>Wir \\u00fcbernehmen f\\u00fcr Sie die Abstimmung mit dem Endkunden sowie die optimale Routen- und Terminplanung. So vermeiden Sie Leerfahrten, erh\\u00f6hen die Kundenzufriedenheit und gewinnen Zeit f\\u00fcr Ihr Kerngesch\\u00e4ft.<\\\/p>\\n\n\n<h4 data-start=\\\"585\\\" data-end=\\\"618\\\"><strong data-start=\\\"585\\\" data-end=\\\"616\\\">Unser Service im \\u00dcberblick:<\\\/strong><\\\/h4>\\n\n\n<ul>\\n\n\n<li data-start=\\\"479\\\" data-end=\\\"529\\\">\\n\n\n<p data-start=\\\"481\\\" data-end=\\\"529\\\">Pers\\u00f6nliche Terminabstimmung mit dem Endkunden<\\\/p>\\n<\\\/li>\\n\n\n<li data-start=\\\"530\\\" data-end=\\\"614\\\">\\n\n\n<p data-start=\\\"532\\\" data-end=\\\"614\\\">Effiziente Tourenplanung unter Ber\\u00fccksichtigung von Zeitfenstern und Priorit\\u00e4ten<\\\/p>\\n<\\\/li>\\n\n\n<li data-start=\\\"615\\\" data-end=\\\"666\\\">\\n\n\n<p data-start=\\\"617\\\" data-end=\\\"666\\\">B\\u00fcndelung von Lieferungen zur Routenoptimierung<\\\/p>\\n<\\\/li>\\n\n\n<li data-start=\\\"667\\\" data-end=\\\"714\\\">\\n\n\n<p data-start=\\\"669\\\" data-end=\\\"714\\\">Laufende Kommunikation bei Termin\\u00e4nderungen<\\\/p>\\n<\\\/li>\\n\n\n<li data-start=\\\"715\\\" data-end=\\\"754\\\">\\n\n\n<p data-start=\\\"717\\\" data-end=\\\"754\\\">Schnittstelle zu Lager und Logistik<\\\/p>\\n<\\\/li>\\n\n\n<li data-start=\\\"755\\\" data-end=\\\"800\\\">\\n\n\n<p data-start=\\\"757\\\" data-end=\\\"800\\\">L\\u00fcckenlose Dokumentation und Nachverfolgung<\\\/p>\\n<\\\/li>\\n<\\\/ul>\",\"css\":\"ul{\\n    padding-left:10px;\\n}\\n\\nli {\\n  position: relative;\\n  padding-left: 38px;\\n  margin-bottom: 5px;\\n    list-style: none;\\n    \\n}\\n\\np{\\n    margin-bottom:15px;\\n}\\n\\nli::before {\\n  content: '';\\n  background-image: url('https:\\\/\\\/hiemer-moebelmontagen.de\\\/wp-content\\\/uploads\\\/2025\\\/06\\\/check-circle.svg');\\n  background-size: 24px 24px;\\n  background-repeat: no-repeat;\\n  width: 24px;\\n  height: 24px;\\n  position: absolute;\\n  left: 0;\\n  top: 0px;\\n}\",\"margin\":\"default\"}}]},{\"type\":\"column\",\"props\":{\"image_position\":\"center-center\",\"position_sticky_breakpoint\":\"m\",\"width_medium\":\"1-2\"},\"children\":[{\"type\":\"image\",\"props\":{\"image\":\"wp-content\\\/uploads\\\/2025\\\/06\\\/planung.jpg\",\"image_height\":600,\"image_svg_color\":\"emphasis\",\"image_width\":850,\"margin\":\"default\"}},{\"type\":\"headline\",\"props\":{\"content\":\"Planung, auf die Verlass ist\",\"title_element\":\"h1\",\"title_style\":\"h3\"}},{\"type\":\"button\",\"props\":{\"grid_column_gap\":\"small\",\"grid_row_gap\":\"small\",\"margin\":\"default\"},\"children\":[{\"type\":\"button_item\",\"props\":{\"button_style\":\"default\",\"content\":\"Jetzt Kontakt aufnehmen\",\"dialog_layout\":\"modal\",\"dialog_offcanvas_flip\":true,\"icon_align\":\"left\",\"link\":\"?page_id=2099\"}}]}]}]}]}],\"version\":\"4.5.17\"} --><\/p>\n","protected":false},"excerpt":{"rendered":"<p>Avisierung &amp; Tourenplanung \u2013 koordiniert, kundenorientiert, terminsicher Wir \u00fcbernehmen f\u00fcr Sie die Abstimmung mit dem Endkunden sowie die optimale Routen- und Terminplanung. So vermeiden Sie Leerfahrten, erh\u00f6hen die Kundenzufriedenheit und gewinnen Zeit f\u00fcr Ihr Kerngesch\u00e4ft. Unser Service im \u00dcberblick: Pers\u00f6nliche Terminabstimmung mit dem Endkunden Effiziente Tourenplanung unter Ber\u00fccksichtigung von Zeitfenstern und Priorit\u00e4ten B\u00fcndelung von Lieferungen [&hellip;]<\/p>\n","protected":false},"author":1,"featured_media":0,"parent":2093,"menu_order":0,"comment_status":"closed","ping_status":"closed","template":"","meta":{"footnotes":""},"class_list":["post-2246","page","type-page","status-publish","hentry"],"_links":{"self":[{"href":"https:\/\/hiemer-moebelmontagen.de\/index.php?rest_route=\/wp\/v2\/pages\/2246","targetHints":{"allow":["GET"]}}],"collection":[{"href":"https:\/\/hiemer-moebelmontagen.de\/index.php?rest_route=\/wp\/v2\/pages"}],"about":[{"href":"https:\/\/hiemer-moebelmontagen.de\/index.php?rest_route=\/wp\/v2\/types\/page"}],"author":[{"embeddable":true,"href":"https:\/\/hiemer-moebelmontagen.de\/index.php?rest_route=\/wp\/v2\/users\/1"}],"replies":[{"embeddable":true,"href":"https:\/\/hiemer-moebelmontagen.de\/index.php?rest_route=%2Fwp%2Fv2%2Fcomments&post=2246"}],"version-history":[{"count":4,"href":"https:\/\/hiemer-moebelmontagen.de\/index.php?rest_route=\/wp\/v2\/pages\/2246\/revisions"}],"predecessor-version":[{"id":2348,"href":"https:\/\/hiemer-moebelmontagen.de\/index.php?rest_route=\/wp\/v2\/pages\/2246\/revisions\/2348"}],"up":[{"embeddable":true,"href":"https:\/\/hiemer-moebelmontagen.de\/index.php?rest_route=\/wp\/v2\/pages\/2093"}],"wp:attachment":[{"href":"https:\/\/hiemer-moebelmontagen.de\/index.php?rest_route=%2Fwp%2Fv2%2Fmedia&parent=2246"}],"curies":[{"name":"wp","href":"https:\/\/api.w.org\/{rel}","templated":true}]}}