{"id":2248,"date":"2025-06-02T11:33:55","date_gmt":"2025-06-02T09:33:55","guid":{"rendered":"https:\/\/hiemer-moebelmontagen.de\/?page_id=2248"},"modified":"2025-06-05T14:19:19","modified_gmt":"2025-06-05T12:19:19","slug":"reklamations-reparaturservice","status":"publish","type":"page","link":"https:\/\/hiemer-moebelmontagen.de\/?page_id=2248","title":{"rendered":"Reklamations- &amp; Reparaturservice"},"content":{"rendered":"<h1>Neum\u00f6beltransport \u2013 Direkt und zuverl\u00e4ssig zu Ihrem Endkunden<\/h1>\n<div>\n<p>Wenn etwas nicht passt, sind wir zur Stelle: Wir k\u00fcmmern uns um Reklamationen, M\u00e4ngel und kleinere Reparaturen \u2013 direkt beim Endkunden und in enger Abstimmung mit dem Hersteller. So vermeiden Sie lange Ausfallzeiten und sorgen f\u00fcr zufriedene Kunden.<\/p>\n<h4 data-start=\"585\" data-end=\"618\"><strong data-start=\"585\" data-end=\"616\">Unser Service im \u00dcberblick:<\/strong><\/h4>\n<ul>\n<li data-start=\"536\" data-end=\"602\">\n<p data-start=\"538\" data-end=\"602\">Dokumentation von Transportsch\u00e4den und M\u00e4ngeln bei der Abnahme<\/p>\n<\/li>\n<li data-start=\"603\" data-end=\"674\">\n<p data-start=\"605\" data-end=\"674\">Direkte Abstimmung mit dem Hersteller zur schnellen Ersatzlieferung<\/p>\n<\/li>\n<li data-start=\"675\" data-end=\"719\">\n<p data-start=\"677\" data-end=\"719\">Durchf\u00fchrung kleiner Reparaturen vor Ort<\/p>\n<\/li>\n<li data-start=\"720\" data-end=\"762\">\n<p data-start=\"722\" data-end=\"762\">Anpassungsarbeiten bei Ma\u00dfabweichungen<\/p>\n<\/li>\n<li data-start=\"763\" data-end=\"818\">\n<p data-start=\"765\" data-end=\"818\">Kundenfreundliche Kommunikation im Reklamationsfall<\/p>\n<\/li>\n<li data-start=\"819\" data-end=\"864\">\n<p data-start=\"821\" data-end=\"864\">L\u00fcckenlose Dokumentation zur Nachverfolgung<\/p>\n<\/li>\n<\/ul>\n<\/div>\n<p><img decoding=\"async\" src=\"\/wp-content\/uploads\/2025\/06\/reparatur.jpg\" alt=\"\"><\/p>\n<h1>Interesse an einer Zusammenarbeit?<\/h1>\n<p><p>\n        <a href=\"\/?page_id=2099\">Jetzt Kontakt aufnehmen<\/a>\n    <\/p>\n<\/p>\n<p><!--more--><br \/>\n<!-- {\"type\":\"layout\",\"children\":[{\"type\":\"section\",\"props\":{\"image_position\":\"center-center\",\"padding\":\"small\",\"style\":\"muted\",\"title_breakpoint\":\"xl\",\"title_position\":\"top-left\",\"title_rotation\":\"left\",\"vertical_align\":\"middle\",\"width\":\"default\"},\"children\":[{\"type\":\"row\",\"children\":[{\"type\":\"column\",\"props\":{\"image_position\":\"center-center\",\"position_sticky_breakpoint\":\"m\"},\"children\":[{\"type\":\"headline\",\"props\":{\"content\":\"Neum\\u00f6beltransport \\u2013 Direkt und zuverl\\u00e4ssig zu Ihrem Endkunden\",\"title_element\":\"h1\",\"title_style\":\"h2\"}}]}]}]},{\"type\":\"section\",\"props\":{\"image_position\":\"center-center\",\"style\":\"default\",\"title_breakpoint\":\"xl\",\"title_position\":\"top-left\",\"title_rotation\":\"left\",\"vertical_align\":\"middle\",\"width\":\"default\"},\"children\":[{\"type\":\"row\",\"props\":{\"layout\":\"1-2,1-2\"},\"children\":[{\"type\":\"column\",\"props\":{\"image_position\":\"center-center\",\"position_sticky_breakpoint\":\"m\",\"width_medium\":\"1-2\"},\"children\":[{\"type\":\"text\",\"props\":{\"column_breakpoint\":\"m\",\"content\":\"\n\n<p>Wenn etwas nicht passt, sind wir zur Stelle: Wir k\\u00fcmmern uns um Reklamationen, M\\u00e4ngel und kleinere Reparaturen \\u2013 direkt beim Endkunden und in enger Abstimmung mit dem Hersteller. So vermeiden Sie lange Ausfallzeiten und sorgen f\\u00fcr zufriedene Kunden.<\\\/p>\\n\n\n<h4 data-start=\\\"585\\\" data-end=\\\"618\\\"><strong data-start=\\\"585\\\" data-end=\\\"616\\\">Unser Service im \\u00dcberblick:<\\\/strong><\\\/h4>\\n\n\n<ul>\\n\n\n<li data-start=\\\"536\\\" data-end=\\\"602\\\">\\n\n\n<p data-start=\\\"538\\\" data-end=\\\"602\\\">Dokumentation von Transportsch\\u00e4den und M\\u00e4ngeln bei der Abnahme<\\\/p>\\n<\\\/li>\\n\n\n<li data-start=\\\"603\\\" data-end=\\\"674\\\">\\n\n\n<p data-start=\\\"605\\\" data-end=\\\"674\\\">Direkte Abstimmung mit dem Hersteller zur schnellen Ersatzlieferung<\\\/p>\\n<\\\/li>\\n\n\n<li data-start=\\\"675\\\" data-end=\\\"719\\\">\\n\n\n<p data-start=\\\"677\\\" data-end=\\\"719\\\">Durchf\\u00fchrung kleiner Reparaturen vor Ort<\\\/p>\\n<\\\/li>\\n\n\n<li data-start=\\\"720\\\" data-end=\\\"762\\\">\\n\n\n<p data-start=\\\"722\\\" data-end=\\\"762\\\">Anpassungsarbeiten bei Ma\\u00dfabweichungen<\\\/p>\\n<\\\/li>\\n\n\n<li data-start=\\\"763\\\" data-end=\\\"818\\\">\\n\n\n<p data-start=\\\"765\\\" data-end=\\\"818\\\">Kundenfreundliche Kommunikation im Reklamationsfall<\\\/p>\\n<\\\/li>\\n\n\n<li data-start=\\\"819\\\" data-end=\\\"864\\\">\\n\n\n<p data-start=\\\"821\\\" data-end=\\\"864\\\">L\\u00fcckenlose Dokumentation zur Nachverfolgung<\\\/p>\\n<\\\/li>\\n<\\\/ul>\",\"css\":\"ul{\\n    padding-left:10px;\\n}\\n\\nli {\\n  position: relative;\\n  padding-left: 38px;\\n  margin-bottom: 5px;\\n    list-style: none;\\n    \\n}\\n\\np{\\n    margin-bottom:15px;\\n}\\n\\nli::before {\\n  content: '';\\n  background-image: url('https:\\\/\\\/hiemer-moebelmontagen.de\\\/wp-content\\\/uploads\\\/2025\\\/06\\\/check-circle.svg');\\n  background-size: 24px 24px;\\n  background-repeat: no-repeat;\\n  width: 24px;\\n  height: 24px;\\n  position: absolute;\\n  left: 0;\\n  top: 0px;\\n}\",\"margin\":\"default\"}}]},{\"type\":\"column\",\"props\":{\"image_position\":\"center-center\",\"position_sticky_breakpoint\":\"m\",\"width_medium\":\"1-2\"},\"children\":[{\"type\":\"image\",\"props\":{\"image\":\"wp-content\\\/uploads\\\/2025\\\/06\\\/reparatur.jpg\",\"image_height\":600,\"image_svg_color\":\"emphasis\",\"image_width\":850,\"margin\":\"default\"}},{\"type\":\"headline\",\"props\":{\"content\":\"Interesse an einer Zusammenarbeit?\",\"title_element\":\"h1\",\"title_style\":\"h3\"}},{\"type\":\"button\",\"props\":{\"grid_column_gap\":\"small\",\"grid_row_gap\":\"small\",\"margin\":\"default\"},\"children\":[{\"type\":\"button_item\",\"props\":{\"button_style\":\"default\",\"content\":\"Jetzt Kontakt aufnehmen\",\"dialog_layout\":\"modal\",\"dialog_offcanvas_flip\":true,\"icon_align\":\"left\",\"link\":\"?page_id=2099\"}}]}]}]}]}],\"version\":\"4.5.17\"} --><\/p>\n","protected":false},"excerpt":{"rendered":"<p>Neum\u00f6beltransport \u2013 Direkt und zuverl\u00e4ssig zu Ihrem Endkunden Wenn etwas nicht passt, sind wir zur Stelle: Wir k\u00fcmmern uns um Reklamationen, M\u00e4ngel und kleinere Reparaturen \u2013 direkt beim Endkunden und in enger Abstimmung mit dem Hersteller. So vermeiden Sie lange Ausfallzeiten und sorgen f\u00fcr zufriedene Kunden. Unser Service im \u00dcberblick: Dokumentation von Transportsch\u00e4den und M\u00e4ngeln [&hellip;]<\/p>\n","protected":false},"author":1,"featured_media":0,"parent":2093,"menu_order":0,"comment_status":"closed","ping_status":"closed","template":"","meta":{"footnotes":""},"class_list":["post-2248","page","type-page","status-publish","hentry"],"_links":{"self":[{"href":"https:\/\/hiemer-moebelmontagen.de\/index.php?rest_route=\/wp\/v2\/pages\/2248","targetHints":{"allow":["GET"]}}],"collection":[{"href":"https:\/\/hiemer-moebelmontagen.de\/index.php?rest_route=\/wp\/v2\/pages"}],"about":[{"href":"https:\/\/hiemer-moebelmontagen.de\/index.php?rest_route=\/wp\/v2\/types\/page"}],"author":[{"embeddable":true,"href":"https:\/\/hiemer-moebelmontagen.de\/index.php?rest_route=\/wp\/v2\/users\/1"}],"replies":[{"embeddable":true,"href":"https:\/\/hiemer-moebelmontagen.de\/index.php?rest_route=%2Fwp%2Fv2%2Fcomments&post=2248"}],"version-history":[{"count":3,"href":"https:\/\/hiemer-moebelmontagen.de\/index.php?rest_route=\/wp\/v2\/pages\/2248\/revisions"}],"predecessor-version":[{"id":2346,"href":"https:\/\/hiemer-moebelmontagen.de\/index.php?rest_route=\/wp\/v2\/pages\/2248\/revisions\/2346"}],"up":[{"embeddable":true,"href":"https:\/\/hiemer-moebelmontagen.de\/index.php?rest_route=\/wp\/v2\/pages\/2093"}],"wp:attachment":[{"href":"https:\/\/hiemer-moebelmontagen.de\/index.php?rest_route=%2Fwp%2Fv2%2Fmedia&parent=2248"}],"curies":[{"name":"wp","href":"https:\/\/api.w.org\/{rel}","templated":true}]}}